{"id":1445,"date":"2021-12-13T08:57:39","date_gmt":"2021-12-13T08:57:39","guid":{"rendered":"https:\/\/kadence.pixel-show.com\/wooden-craft\/?page_id=15"},"modified":"2025-05-08T23:12:14","modified_gmt":"2025-05-08T21:12:14","slug":"contact-2","status":"publish","type":"page","link":"https:\/\/iphemere.com\/index.php\/contact-2\/","title":{"rendered":"Contact"},"content":{"rendered":"<style>.kb-row-layout-id1445_981838-00 > .kt-row-column-wrap{align-content:start;}:where(.kb-row-layout-id1445_981838-00 > .kt-row-column-wrap) > .wp-block-kadence-column{justify-content:start;}.kb-row-layout-id1445_981838-00 > .kt-row-column-wrap{column-gap:var(--global-kb-gap-md, 2rem);row-gap:var(--global-kb-gap-md, 2rem);max-width:750px;margin-left:auto;margin-right:auto;padding-top:80px;padding-bottom:80px;grid-template-columns:minmax(0, 1fr);}.kb-row-layout-id1445_981838-00{background-image:url('http:\/\/iphemere.com\/wp-content\/uploads\/2023\/01\/IMG_20220726_145344-scaled.jpg');background-size:cover;background-position:77% 76%;background-attachment:scroll;background-repeat:no-repeat;}.kb-row-layout-id1445_981838-00 > .kt-row-layout-overlay{opacity:0.60;background-color:var(--global-palette3, #1A202C);}@media all and (max-width: 1024px){.kb-row-layout-id1445_981838-00 > .kt-row-column-wrap{grid-template-columns:minmax(0, 1fr);}}@media all and (max-width: 767px){.kb-row-layout-id1445_981838-00 > .kt-row-column-wrap{grid-template-columns:minmax(0, 1fr);}}<\/style><div class=\"kb-row-layout-wrap kb-row-layout-id1445_981838-00 alignnone kt-row-has-bg wp-block-kadence-rowlayout\"><div class=\"kt-row-layout-overlay kt-row-overlay-normal\"><\/div><div class=\"kt-row-column-wrap kt-has-1-columns kt-row-layout-equal kt-tab-layout-inherit kt-mobile-layout-row kt-row-valign-top\">\n<style>.kadence-column1445_bd1b30-76 > .kt-inside-inner-col,.kadence-column1445_bd1b30-76 > .kt-inside-inner-col:before{border-top-left-radius:0px;border-top-right-radius:0px;border-bottom-right-radius:0px;border-bottom-left-radius:0px;}.kadence-column1445_bd1b30-76 > .kt-inside-inner-col{column-gap:var(--global-kb-gap-sm, 1rem);}.kadence-column1445_bd1b30-76 > .kt-inside-inner-col{flex-direction:column;}.kadence-column1445_bd1b30-76 > .kt-inside-inner-col > .aligncenter{width:100%;}.kadence-column1445_bd1b30-76 > .kt-inside-inner-col:before{opacity:0.3;}.kadence-column1445_bd1b30-76{position:relative;}@media all and (max-width: 1024px){.kadence-column1445_bd1b30-76 > .kt-inside-inner-col{flex-direction:column;}}@media all and (max-width: 767px){.kadence-column1445_bd1b30-76 > .kt-inside-inner-col{flex-direction:column;}}<\/style>\n<div class=\"wp-block-kadence-column kadence-column1445_bd1b30-76 inner-column-1\"><div class=\"kt-inside-inner-col\"><style>.wp-block-kadence-advancedheading.kt-adv-heading1445_813c26-82, .wp-block-kadence-advancedheading.kt-adv-heading1445_813c26-82[data-kb-block=\"kb-adv-heading1445_813c26-82\"]{margin-top:0px;text-align:center;font-style:normal;color:#ffffff;}.wp-block-kadence-advancedheading.kt-adv-heading1445_813c26-82 mark.kt-highlight, .wp-block-kadence-advancedheading.kt-adv-heading1445_813c26-82[data-kb-block=\"kb-adv-heading1445_813c26-82\"] mark.kt-highlight{font-style:normal;color:#f76a0c;-webkit-box-decoration-break:clone;box-decoration-break:clone;padding-top:0px;padding-right:0px;padding-bottom:0px;padding-left:0px;}<\/style>\n<h2 class=\"kt-adv-heading1445_813c26-82 wp-block-kadence-advancedheading\" data-kb-block=\"kb-adv-heading1445_813c26-82\"><strong>Envoyer moi un message<\/strong><\/h2>\n\n<style>.wp-block-kadence-advancedheading.kt-adv-heading1445_834443-14, .wp-block-kadence-advancedheading.kt-adv-heading1445_834443-14[data-kb-block=\"kb-adv-heading1445_834443-14\"]{text-align:center;font-style:normal;color:#ffffff;}.wp-block-kadence-advancedheading.kt-adv-heading1445_834443-14 mark.kt-highlight, .wp-block-kadence-advancedheading.kt-adv-heading1445_834443-14[data-kb-block=\"kb-adv-heading1445_834443-14\"] mark.kt-highlight{font-style:normal;color:#f76a0c;-webkit-box-decoration-break:clone;box-decoration-break:clone;padding-top:0px;padding-right:0px;padding-bottom:0px;padding-left:0px;}<\/style>\n<p class=\"kt-adv-heading1445_834443-14 wp-block-kadence-advancedheading\" data-kb-block=\"kb-adv-heading1445_834443-14\">Vous souhaitez avoir recours \u00e0 mes services pour votre \u00e9v\u00e9nement ?<br>Je me ferai un plaisir de vous r\u00e9pondre !<br><\/p>\n\n<style>.kadence-form-1445_f4ef6a-a9 .kb-form .kadence-blocks-form-field .kb-text-style-field, .kadence-form-1445_f4ef6a-a9 .kb-form .kadence-blocks-form-field .kb-select-style-field{color:var(--global-palette9, #ffffff);border-radius:0px;border-width:0px 0px 2px 0px;background:rgba(255, 255, 255, 0);border-color:var(--global-palette1, #3182CE);}.kadence-form-1445_f4ef6a-a9 .kb-form .kadence-blocks-form-field .kb-text-style-field:focus, .kadence-form-1445_f4ef6a-a9 .kb-form .kadence-blocks-form-field .kb-select-style-field:focus{color:var(--global-palette9, #ffffff);}.kadence-form-1445_f4ef6a-a9 .kb-form .kadence-blocks-form-field > label{color:#ffffff;}.kadence-form-1445_f4ef6a-a9 .kb-form .kadence-blocks-form-field .kb-forms-submit{font-family:Inter;font-style:normal;font-weight:600;}.kb-form input.kadence-blocks-field.verify{opacity:0.0;position:absolute;top:0.0;left:0.0;width:0.0;height:0.0;z-index:-1;}<\/style>\n<div class=\"wp-block-kadence-form kadence-form-1445_f4ef6a-a9 kb-form-wrap\"><form class=\"kb-form\" action=\"\" method=\"post\"><div class=\"kadence-blocks-form-field kb-field-desk-width-100 kb-input-size-standard\"><label for=\"kb_field_1445_f4ef6a-a9_0\">Votre nom ou organisation<span class=\"required\">*<\/span><\/label><input name=\"kb_field_0\" id=\"kb_field_1445_f4ef6a-a9_0\" data-label=\"Votre nom ou organisation\" type=\"text\" placeholder=\"\" value=\"\" data-type=\"text\" class=\"kb-field kb-text-style-field kb-text-field kb-field-0\" data-required=\"yes\"\/><\/div><div class=\"kadence-blocks-form-field kb-form-field-1 kb-field-desk-width-100 kb-input-size-standard\"><label for=\"kb_field_1445_f4ef6a-a9_1\">Adresse mail<span class=\"required\">*<\/span><\/label><input name=\"kb_field_1\" id=\"kb_field_1445_f4ef6a-a9_1\" data-label=\"Adresse mail\" type=\"email\" placeholder=\"\" value=\"\" data-type=\"email\" class=\"kb-field kb-text-style-field kb-email-field kb-field-1\" data-required=\"yes\"\/><\/div><div class=\"kadence-blocks-form-field kb-form-field-2 kb-field-desk-width-50 kb-input-size-standard\"><label for=\"kb_field_1445_f4ef6a-a9_2\">Num\u00e9ro de t\u00e9l\u00e9phone<\/label><input name=\"kb_field_2\" id=\"kb_field_1445_f4ef6a-a9_2\" data-label=\"Num\u00e9ro de t\u00e9l\u00e9phone\" type=\"tel\" placeholder=\"\" value=\"\" data-type=\"tel\" class=\"kb-field kb-text-style-field kb-tel-field kb-field-2\"\/><\/div><div class=\"kadence-blocks-form-field kb-form-field-3 kb-field-desk-width-100 kb-input-size-standard\"><label for=\"kb_field_1445_f4ef6a-a9_3\">Message<span class=\"required\">*<\/span><\/label><textarea name=\"kb_field_3\" id=\"kb_field_1445_f4ef6a-a9_3\" data-label=\"Message\" type=\"textarea\" placeholder=\"\" data-type=\"textarea\" class=\"kb-field kb-text-style-field kb-textarea-field kb-field-3\" rows=\"4\" data-required=\"yes\"><\/textarea><\/div><input type=\"hidden\" name=\"_kb_form_id\" value=\"1445_f4ef6a-a9\"\/><input type=\"hidden\" name=\"_kb_form_post_id\" value=\"1445\"\/><input type=\"hidden\" name=\"action\" value=\"kb_process_ajax_submit\"\/><input class=\"kadence-blocks-field verify\" type=\"text\" name=\"_kb_verify_email\" autocomplete=\"new-password\" aria-hidden=\"true\" placeholder=\"Email\" tabindex=\"-1\" data-1p-ignore=\"true\" data-lpignore=\"true\" \/><div class=\"kadence-blocks-form-field kb-submit-field kb-field-desk-width-100\"><button class=\"kb-forms-submit button kb-button-size-standard kb-button-width-full\">Envoyer le message<\/button><\/div><\/form><\/div>\n<noscript><div class=\"kadence-blocks-form-message kadence-blocks-form-warning\">Veuillez activer JavaScript dans votre navigateur pour envoyer le formulaire.<\/div><style>.kadence-form-1445_f4ef6a-a9 .kadence-blocks-form-field.kb-submit-field { display: none; }<\/style><\/noscript><\/div><\/div>\n<\/div><\/div><p><\/p>","protected":false},"excerpt":{"rendered":"<p>Envoyer moi un message Vous souhaitez avoir recours \u00e0 mes services pour votre \u00e9v\u00e9nement ?Je me ferai un plaisir de vous r\u00e9pondre !<\/p>\n","protected":false},"author":1,"featured_media":1408,"parent":0,"menu_order":0,"comment_status":"closed","ping_status":"closed","template":"","meta":{"_kadence_starter_templates_imported_post":true,"_kad_post_transparent":"","_kad_post_title":"hide","_kad_post_layout":"fullwidth","_kad_post_sidebar_id":"","_kad_post_content_style":"unboxed","_kad_post_vertical_padding":"hide","_kad_post_feature":"hide","_kad_post_feature_position":"","_kad_post_header":false,"_kad_post_footer":false,"footnotes":""},"class_list":["post-1445","page","type-page","status-publish","has-post-thumbnail","hentry"],"_links":{"self":[{"href":"https:\/\/iphemere.com\/index.php\/wp-json\/wp\/v2\/pages\/1445","targetHints":{"allow":["GET"]}}],"collection":[{"href":"https:\/\/iphemere.com\/index.php\/wp-json\/wp\/v2\/pages"}],"about":[{"href":"https:\/\/iphemere.com\/index.php\/wp-json\/wp\/v2\/types\/page"}],"author":[{"embeddable":true,"href":"https:\/\/iphemere.com\/index.php\/wp-json\/wp\/v2\/users\/1"}],"replies":[{"embeddable":true,"href":"https:\/\/iphemere.com\/index.php\/wp-json\/wp\/v2\/comments?post=1445"}],"version-history":[{"count":5,"href":"https:\/\/iphemere.com\/index.php\/wp-json\/wp\/v2\/pages\/1445\/revisions"}],"predecessor-version":[{"id":1886,"href":"https:\/\/iphemere.com\/index.php\/wp-json\/wp\/v2\/pages\/1445\/revisions\/1886"}],"wp:featuredmedia":[{"embeddable":true,"href":"https:\/\/iphemere.com\/index.php\/wp-json\/wp\/v2\/media\/1408"}],"wp:attachment":[{"href":"https:\/\/iphemere.com\/index.php\/wp-json\/wp\/v2\/media?parent=1445"}],"curies":[{"name":"wp","href":"https:\/\/api.w.org\/{rel}","templated":true}]}}