{"id":1584,"date":"2022-11-15T18:43:18","date_gmt":"2022-11-15T17:43:18","guid":{"rendered":"http:\/\/iphemere.com\/?page_id=1584"},"modified":"2025-05-04T15:50:31","modified_gmt":"2025-05-04T13:50:31","slug":"stand-medieval","status":"publish","type":"page","link":"https:\/\/iphemere.com\/index.php\/stand-medieval\/","title":{"rendered":"Stand m\u00e9di\u00e9val"},"content":{"rendered":"<div class=\"wp-block-columns is-layout-flex wp-container-core-columns-is-layout-9d6595d7 wp-block-columns-is-layout-flex\"><div class=\"wp-block-column is-vertically-aligned-center is-layout-flow wp-block-column-is-layout-flow\" style=\"flex-basis:100%\"><style>.kb-row-layout-id1584_b160d4-07 > .kt-row-column-wrap{align-content:center;}:where(.kb-row-layout-id1584_b160d4-07 > .kt-row-column-wrap) > .wp-block-kadence-column{justify-content:center;}.kb-row-layout-id1584_b160d4-07 > .kt-row-column-wrap{column-gap:var(--global-kb-gap-md, 2rem);row-gap:var(--global-kb-gap-md, 2rem);max-width:var( --global-content-width, 1290px );padding-left:var(--global-content-edge-padding);padding-right:var(--global-content-edge-padding);padding-top:152px;padding-right:20px;padding-bottom:47px;padding-left:20px;min-height:76px;grid-template-columns:minmax(0, calc(65% - ((var(--global-kb-gap-md, 2rem) * 1 )\/2)))minmax(0, calc(35% - ((var(--global-kb-gap-md, 2rem) * 1 )\/2)));}.kb-row-layout-id1584_b160d4-07{background-image:url('http:\/\/iphemere.com\/wp-content\/uploads\/2022\/11\/IMG_3225-scaled.jpeg');background-size:cover;background-position:57.99999999999999% 41%;background-attachment:scroll;background-repeat:no-repeat;}.kb-row-layout-id1584_b160d4-07 > .kt-row-layout-overlay{opacity:0.50;background-color:var(--global-palette3, #1A202C);mix-blend-mode:lighten;}.kb-row-layout-id1584_b160d4-07{z-index:72;position:relative;}.kb-row-layout-id1584_b160d4-07 .kt-row-layout-bottom-sep{height:74px;}.kb-row-layout-id1584_b160d4-07 .kt-row-layout-bottom-sep svg{width:100%;}.kb-row-layout-id1584_b160d4-07 .kt-row-layout-bottom-sep svg{fill:#ffffff!important;}@media all and (max-width: 1024px){.kb-row-layout-id1584_b160d4-07 > .kt-row-column-wrap{padding-top:38px;grid-template-columns:repeat(2, minmax(0, 1fr));}}@media all and (max-width: 1024px){.kb-row-layout-id1584_b160d4-07 .kt-row-layout-bottom-sep{height:0px;}}@media all and (max-width: 1024px){.kb-row-layout-id1584_b160d4-07 .kt-row-layout-bottom-sep svg{width:%;}}@media all and (max-width: 767px){.kb-row-layout-id1584_b160d4-07 > .kt-row-column-wrap{padding-top:0px;grid-template-columns:minmax(0, 1fr);}.kb-row-layout-id1584_b160d4-07 .kt-row-layout-bottom-sep{height:px;}.kb-row-layout-id1584_b160d4-07 .kt-row-layout-bottom-sep svg{width:%;}}<\/style><div class=\"kb-row-layout-wrap kb-row-layout-id1584_b160d4-07 alignnone kt-row-has-bg wp-block-kadence-rowlayout\"><div class=\"kt-row-layout-overlay kt-row-overlay-normal\"><\/div><div class=\"kt-row-column-wrap kt-has-2-columns kt-row-layout-equal kt-tab-layout-equal kt-mobile-layout-row kt-row-valign-middle kb-theme-content-width\">\n<style>.kadence-column1584_d27835-f0 > .kt-inside-inner-col,.kadence-column1584_d27835-f0 > .kt-inside-inner-col:before{border-top-left-radius:0px;border-top-right-radius:0px;border-bottom-right-radius:0px;border-bottom-left-radius:0px;}.kadence-column1584_d27835-f0 > .kt-inside-inner-col{column-gap:var(--global-kb-gap-sm, 1rem);}.kadence-column1584_d27835-f0 > .kt-inside-inner-col{flex-direction:column;}.kadence-column1584_d27835-f0 > .kt-inside-inner-col > .aligncenter{width:100%;}.kadence-column1584_d27835-f0 > .kt-inside-inner-col:before{opacity:0.3;}.kadence-column1584_d27835-f0{position:relative;}@media all and (max-width: 1024px){.kadence-column1584_d27835-f0 > .kt-inside-inner-col{flex-direction:column;}}@media all and (max-width: 767px){.kadence-column1584_d27835-f0 > .kt-inside-inner-col{flex-direction:column;}}<\/style>\n<div class=\"wp-block-kadence-column kadence-column1584_d27835-f0 inner-column-1\"><div class=\"kt-inside-inner-col\"><style>.wp-block-kadence-advancedheading.kt-adv-heading1584_b034af-d9, .wp-block-kadence-advancedheading.kt-adv-heading1584_b034af-d9[data-kb-block=\"kb-adv-heading1584_b034af-d9\"]{text-align:center;font-size:64px;line-height:1.2em;font-style:normal;}.wp-block-kadence-advancedheading.kt-adv-heading1584_b034af-d9 mark.kt-highlight, .wp-block-kadence-advancedheading.kt-adv-heading1584_b034af-d9[data-kb-block=\"kb-adv-heading1584_b034af-d9\"] mark.kt-highlight{font-style:normal;color:#f76a0c;-webkit-box-decoration-break:clone;box-decoration-break:clone;padding-top:0px;padding-right:0px;padding-bottom:0px;padding-left:0px;}@media all and (max-width: 767px){.wp-block-kadence-advancedheading.kt-adv-heading1584_b034af-d9, .wp-block-kadence-advancedheading.kt-adv-heading1584_b034af-d9[data-kb-block=\"kb-adv-heading1584_b034af-d9\"]{font-size:40px;}}<\/style>\n<h1 class=\"kt-adv-heading1584_b034af-d9 wp-block-kadence-advancedheading has-theme-palette-9-color has-text-color\" data-kb-block=\"kb-adv-heading1584_b034af-d9\">Le Stand<\/h1>\n\n<p><\/p><\/div><\/div>\n\n<style>.kadence-column1584_8e1121-9a > .kt-inside-inner-col,.kadence-column1584_8e1121-9a > .kt-inside-inner-col:before{border-top-left-radius:0px;border-top-right-radius:0px;border-bottom-right-radius:0px;border-bottom-left-radius:0px;}.kadence-column1584_8e1121-9a > .kt-inside-inner-col{column-gap:var(--global-kb-gap-sm, 1rem);}.kadence-column1584_8e1121-9a > .kt-inside-inner-col{flex-direction:column;}.kadence-column1584_8e1121-9a > .kt-inside-inner-col > .aligncenter{width:100%;}.kadence-column1584_8e1121-9a > .kt-inside-inner-col:before{opacity:0.3;}.kadence-column1584_8e1121-9a{position:relative;}@media all and (max-width: 1024px){.kadence-column1584_8e1121-9a > .kt-inside-inner-col{flex-direction:column;}}@media all and (max-width: 767px){.kadence-column1584_8e1121-9a > .kt-inside-inner-col{flex-direction:column;}}<\/style>\n<div class=\"wp-block-kadence-column kadence-column1584_8e1121-9a inner-column-2\"><div class=\"kt-inside-inner-col\"><\/div><\/div>\n<\/div><\/div><\/div><\/div><div class=\"wp-block-columns is-layout-flex wp-container-core-columns-is-layout-9d6595d7 wp-block-columns-is-layout-flex\"><div class=\"wp-block-column is-layout-flow wp-block-column-is-layout-flow\" style=\"flex-basis:66.66%\"><h3 class=\"wp-block-heading\">Bienvenue sur le stand m\u00e9di\u00e9val de tatouages \u00e9ph\u00e9m\u00e8res,<\/h3>\n\n<style>.wp-block-kadence-advancedheading.kt-adv-heading1584_be5284-91, .wp-block-kadence-advancedheading.kt-adv-heading1584_be5284-91[data-kb-block=\"kb-adv-heading1584_be5284-91\"]{text-align:center;font-style:normal;}.wp-block-kadence-advancedheading.kt-adv-heading1584_be5284-91 mark.kt-highlight, .wp-block-kadence-advancedheading.kt-adv-heading1584_be5284-91[data-kb-block=\"kb-adv-heading1584_be5284-91\"] mark.kt-highlight{font-style:normal;color:#f76a0c;-webkit-box-decoration-break:clone;box-decoration-break:clone;padding-top:0px;padding-right:0px;padding-bottom:0px;padding-left:0px;}<\/style>\n<p class=\"kt-adv-heading1584_be5284-91 wp-block-kadence-advancedheading\" data-kb-block=\"kb-adv-heading1584_be5284-91\">Choisissez dans le grimoire parmi une vari\u00e9t\u00e9 de motifs inspir\u00e9s de cette \u00e9poque,<br>prenez place sur notre tr\u00f4ne royal et laissez l&rsquo;artiste exp\u00e9riment\u00e9 r\u00e9aliser votre tatouage \u00e9ph\u00e9m\u00e8re.<br><br>Immergez-vous dans l&rsquo;ambiance m\u00e9di\u00e9vale <br>et laissez-vous couvrir d&rsquo;un tatouage unique r\u00e9alis\u00e9 \u00e0 l&rsquo;a\u00e9rographe par un graphiste professionnel.<\/p><\/div>\n\n<div class=\"wp-block-column is-layout-flow wp-block-column-is-layout-flow\" style=\"flex-basis:33.33%\"><style>.kb-image1584_a5a9a2-06 .kb-image-has-overlay:after{opacity:0.3;}<\/style>\n<figure class=\"wp-block-kadence-image kb-image1584_a5a9a2-06 size-large\"><img loading=\"lazy\" decoding=\"async\" width=\"1024\" height=\"768\" src=\"http:\/\/iphemere.com\/wp-content\/uploads\/2023\/01\/IMG_3289-1024x768.jpeg\" alt=\"\" class=\"kb-img wp-image-1721\" srcset=\"https:\/\/iphemere.com\/wp-content\/uploads\/2023\/01\/IMG_3289-1024x768.jpeg 1024w, https:\/\/iphemere.com\/wp-content\/uploads\/2023\/01\/IMG_3289-300x225.jpeg 300w, https:\/\/iphemere.com\/wp-content\/uploads\/2023\/01\/IMG_3289-768x576.jpeg 768w, https:\/\/iphemere.com\/wp-content\/uploads\/2023\/01\/IMG_3289-1536x1152.jpeg 1536w, https:\/\/iphemere.com\/wp-content\/uploads\/2023\/01\/IMG_3289-2048x1536.jpeg 2048w, https:\/\/iphemere.com\/wp-content\/uploads\/2023\/01\/IMG_3289-600x450.jpeg 600w\" sizes=\"auto, (max-width: 1024px) 100vw, 1024px\" \/><\/figure><\/div><\/div><style>.kb-image1584_51f49c-32.kb-image-is-ratio-size, .kb-image1584_51f49c-32 .kb-image-is-ratio-size{max-width:437px;width:100%;}.wp-block-kadence-column > .kt-inside-inner-col > .kb-image1584_51f49c-32.kb-image-is-ratio-size, .wp-block-kadence-column > .kt-inside-inner-col > .kb-image1584_51f49c-32 .kb-image-is-ratio-size{align-self:unset;}.kb-image1584_51f49c-32{max-width:437px;}.image-is-svg.kb-image1584_51f49c-32{-webkit-flex:0 1 100%;flex:0 1 100%;}.image-is-svg.kb-image1584_51f49c-32 img{width:100%;}.kb-image1584_51f49c-32 .kb-image-has-overlay:after{opacity:0.3;}<\/style>\n<figure class=\"wp-block-kadence-image kb-image1584_51f49c-32 size-large\"><img loading=\"lazy\" decoding=\"async\" width=\"766\" height=\"1024\" src=\"http:\/\/iphemere.com\/wp-content\/uploads\/2023\/01\/IMG_20220726_145344-766x1024.jpg\" alt=\"\" class=\"kb-img wp-image-1723\" srcset=\"https:\/\/iphemere.com\/wp-content\/uploads\/2023\/01\/IMG_20220726_145344-766x1024.jpg 766w, https:\/\/iphemere.com\/wp-content\/uploads\/2023\/01\/IMG_20220726_145344-224x300.jpg 224w, https:\/\/iphemere.com\/wp-content\/uploads\/2023\/01\/IMG_20220726_145344-768x1027.jpg 768w, https:\/\/iphemere.com\/wp-content\/uploads\/2023\/01\/IMG_20220726_145344-1149x1536.jpg 1149w, https:\/\/iphemere.com\/wp-content\/uploads\/2023\/01\/IMG_20220726_145344-1532x2048.jpg 1532w, https:\/\/iphemere.com\/wp-content\/uploads\/2023\/01\/IMG_20220726_145344-600x802.jpg 600w, https:\/\/iphemere.com\/wp-content\/uploads\/2023\/01\/IMG_20220726_145344-scaled.jpg 1915w\" sizes=\"auto, (max-width: 766px) 100vw, 766px\" \/><\/figure><div class=\"wp-block-columns is-layout-flex wp-container-core-columns-is-layout-baf9c1bd wp-block-columns-is-layout-flex\" style=\"padding-top:0;padding-right:var(--wp--preset--spacing--70);padding-bottom:0;padding-left:var(--wp--preset--spacing--50)\"><div class=\"wp-block-column is-vertically-aligned-center is-layout-flow wp-block-column-is-layout-flow\" style=\"flex-basis:33.33%\"><style>.wp-block-kadence-image.kb-image1584_fe28fd-40:not(.kb-specificity-added):not(.kb-extra-specificity-added){margin-top:0px;margin-right:0px;margin-bottom:0px;margin-left:0px;}.wp-block-kadence-image.kb-image1584_fe28fd-40{position:relative;z-index:829;}.kb-image1584_fe28fd-40.kb-image-is-ratio-size, .kb-image1584_fe28fd-40 .kb-image-is-ratio-size{max-width:221px;width:100%;}.wp-block-kadence-column > .kt-inside-inner-col > .kb-image1584_fe28fd-40.kb-image-is-ratio-size, .wp-block-kadence-column > .kt-inside-inner-col > .kb-image1584_fe28fd-40 .kb-image-is-ratio-size{align-self:unset;}.kb-image1584_fe28fd-40 figure{max-width:221px;}.kb-image1584_fe28fd-40 .image-is-svg, .kb-image1584_fe28fd-40 .image-is-svg img{width:100%;}.kb-image1584_fe28fd-40 .kb-image-has-overlay:after{opacity:0.3;}<\/style>\n<div class=\"wp-block-kadence-image kb-image1584_fe28fd-40\"><figure class=\"aligncenter size-medium kb-filter-sepia\"><img loading=\"lazy\" decoding=\"async\" width=\"300\" height=\"273\" src=\"http:\/\/iphemere.com\/wp-content\/uploads\/2023\/01\/Tampon-250-motifs-300x273.png\" alt=\"\" class=\"kb-img wp-image-1687\" srcset=\"https:\/\/iphemere.com\/wp-content\/uploads\/2023\/01\/Tampon-250-motifs-300x273.png 300w, https:\/\/iphemere.com\/wp-content\/uploads\/2023\/01\/Tampon-250-motifs.png 600w\" sizes=\"auto, (max-width: 300px) 100vw, 300px\" \/><\/figure><\/div><\/div>\n\n<div class=\"wp-block-column is-vertically-aligned-top is-layout-flow wp-block-column-is-layout-flow\" style=\"padding-top:0;padding-right:0;padding-bottom:0;padding-left:0;flex-basis:66.66%\"><style>.wp-block-kadence-advancedheading.kt-adv-heading1584_362870-ee, .wp-block-kadence-advancedheading.kt-adv-heading1584_362870-ee[data-kb-block=\"kb-adv-heading1584_362870-ee\"]{text-align:left;font-style:normal;}.wp-block-kadence-advancedheading.kt-adv-heading1584_362870-ee mark.kt-highlight, .wp-block-kadence-advancedheading.kt-adv-heading1584_362870-ee[data-kb-block=\"kb-adv-heading1584_362870-ee\"] mark.kt-highlight{font-style:normal;color:#f76a0c;-webkit-box-decoration-break:clone;box-decoration-break:clone;padding-top:0px;padding-right:0px;padding-bottom:0px;padding-left:0px;}<\/style>\n<h3 class=\"kt-adv-heading1584_362870-ee wp-block-kadence-advancedheading\" data-kb-block=\"kb-adv-heading1584_362870-ee\">Et si le papier c&rsquo;est vous ?<\/h3>\n\n<p>Imaginez pouvoir changer de peau pour quelques jours, sans avoir \u00e0 vous soucier des cons\u00e9quences \u00e0 long terme.<br>C&rsquo;est possible sur le stand d&rsquo;Iph\u00e9m\u00e8re, vous avez la libert\u00e9 de vous exprimer \u00e0 travers la s\u00e9lection designs uniques et exclusifs de tatouages \u00e9ph\u00e9m\u00e8res qui vous est propos\u00e9e en fonction de l&rsquo;\u00e9v\u00e9nement.<br>Qu&rsquo;il s&rsquo;agisse d&rsquo;un symbole personnel ou d&rsquo;un simple coup de c\u0153ur, vous allez pouvoir vous faire plaisirs sans prendre aucun risque, et peut \u00eatre passer un jour \u00e0 quelque chose de plus durable.<\/p><\/div><\/div>","protected":false},"excerpt":{"rendered":"<p>Le Stand Bienvenue sur le stand m\u00e9di\u00e9val de tatouages \u00e9ph\u00e9m\u00e8res, Choisissez dans le grimoire parmi une vari\u00e9t\u00e9 de motifs inspir\u00e9s de cette \u00e9poque,prenez place sur notre tr\u00f4ne royal et laissez l&rsquo;artiste exp\u00e9riment\u00e9 r\u00e9aliser votre tatouage \u00e9ph\u00e9m\u00e8re. Immergez-vous dans l&rsquo;ambiance m\u00e9di\u00e9vale et laissez-vous couvrir d&rsquo;un tatouage unique r\u00e9alis\u00e9 \u00e0 l&rsquo;a\u00e9rographe par un graphiste professionnel. Et si&#8230;<\/p>\n","protected":false},"author":1,"featured_media":0,"parent":0,"menu_order":0,"comment_status":"closed","ping_status":"closed","template":"","meta":{"_kadence_starter_templates_imported_post":false,"_kad_post_transparent":"default","_kad_post_title":"hide","_kad_post_layout":"fullwidth","_kad_post_sidebar_id":"","_kad_post_content_style":"unboxed","_kad_post_vertical_padding":"hide","_kad_post_feature":"hide","_kad_post_feature_position":"","_kad_post_header":false,"_kad_post_footer":false,"footnotes":""},"class_list":["post-1584","page","type-page","status-publish","hentry"],"_links":{"self":[{"href":"https:\/\/iphemere.com\/index.php\/wp-json\/wp\/v2\/pages\/1584","targetHints":{"allow":["GET"]}}],"collection":[{"href":"https:\/\/iphemere.com\/index.php\/wp-json\/wp\/v2\/pages"}],"about":[{"href":"https:\/\/iphemere.com\/index.php\/wp-json\/wp\/v2\/types\/page"}],"author":[{"embeddable":true,"href":"https:\/\/iphemere.com\/index.php\/wp-json\/wp\/v2\/users\/1"}],"replies":[{"embeddable":true,"href":"https:\/\/iphemere.com\/index.php\/wp-json\/wp\/v2\/comments?post=1584"}],"version-history":[{"count":24,"href":"https:\/\/iphemere.com\/index.php\/wp-json\/wp\/v2\/pages\/1584\/revisions"}],"predecessor-version":[{"id":1793,"href":"https:\/\/iphemere.com\/index.php\/wp-json\/wp\/v2\/pages\/1584\/revisions\/1793"}],"wp:attachment":[{"href":"https:\/\/iphemere.com\/index.php\/wp-json\/wp\/v2\/media?parent=1584"}],"curies":[{"name":"wp","href":"https:\/\/api.w.org\/{rel}","templated":true}]}}