{"id":623,"date":"2022-11-06T23:01:39","date_gmt":"2022-11-06T22:01:39","guid":{"rendered":"http:\/\/iphemere.com\/?page_id=623"},"modified":"2025-05-08T23:04:22","modified_gmt":"2025-05-08T21:04:22","slug":"encre-et-hygiene","status":"publish","type":"page","link":"https:\/\/iphemere.com\/index.php\/encre-et-hygiene\/","title":{"rendered":"Encre &amp; Entretien"},"content":{"rendered":"<p><strong><a href=\"https:\/\/iphemere.com\/index.php\/ink-and-maintenance\/\" data-type=\"page\" data-id=\"1877\">English version<\/a><\/strong><\/p><div class=\"wp-block-columns is-layout-flex wp-container-core-columns-is-layout-9d6595d7 wp-block-columns-is-layout-flex\"><div class=\"wp-block-column is-layout-flow wp-block-column-is-layout-flow\" style=\"flex-basis:33.33%\"><style>.kb-image623_033bc5-82 .kb-image-has-overlay:after{opacity:0.3;}<\/style>\n<figure class=\"wp-block-kadence-image kb-image623_033bc5-82 size-large\"><img loading=\"lazy\" decoding=\"async\" width=\"1024\" height=\"683\" src=\"http:\/\/iphemere.com\/wp-content\/uploads\/2025\/05\/Encre-utiliee-1024x683.png\" alt=\"\" class=\"kb-img wp-image-1823\" srcset=\"https:\/\/iphemere.com\/wp-content\/uploads\/2025\/05\/Encre-utiliee-1024x683.png 1024w, https:\/\/iphemere.com\/wp-content\/uploads\/2025\/05\/Encre-utiliee-300x200.png 300w, https:\/\/iphemere.com\/wp-content\/uploads\/2025\/05\/Encre-utiliee-768x512.png 768w, https:\/\/iphemere.com\/wp-content\/uploads\/2025\/05\/Encre-utiliee-600x400.png 600w, https:\/\/iphemere.com\/wp-content\/uploads\/2025\/05\/Encre-utiliee.png 1536w\" sizes=\"auto, (max-width: 1024px) 100vw, 1024px\" \/><\/figure><\/div>\n\n<div class=\"wp-block-column is-layout-flow wp-block-column-is-layout-flow\" style=\"flex-basis:66.66%\"><h3 class=\"wp-block-heading has-medium-font-size\">Les encres certifi\u00e9es <strong>conformes aux normes europ\u00e9ennes<\/strong> de cosm\u00e9tique.<\/h3>\n\n<p>Les encres pulv\u00e9ris\u00e9es sont totalement inoffensives pour la peau.<br>Il est important de noter que notre peinture cosm\u00e9tique est d\u00e9pos\u00e9e en surface sur la peau et ne p\u00e9n\u00e8tre pas contrairement au henn\u00e9 ou au jagwa qui peuvent marqu\u00e9 profond\u00e9ment la peau.<\/p><\/div><\/div><div class=\"wp-block-columns is-layout-flex wp-container-core-columns-is-layout-9d6595d7 wp-block-columns-is-layout-flex\"><div class=\"wp-block-column is-layout-flow wp-block-column-is-layout-flow\" style=\"flex-basis:33.33%\"><style>.kb-image623_7ecc93-0e .kb-image-has-overlay:after{opacity:0.3;}<\/style>\n<figure class=\"wp-block-kadence-image kb-image623_7ecc93-0e size-large\"><img loading=\"lazy\" decoding=\"async\" width=\"1024\" height=\"683\" src=\"https:\/\/iphemere.com\/wp-content\/uploads\/2025\/05\/Tenue-sur-la-peau-1024x683.png\" alt=\"\" class=\"kb-img wp-image-1824\" srcset=\"https:\/\/iphemere.com\/wp-content\/uploads\/2025\/05\/Tenue-sur-la-peau-1024x683.png 1024w, https:\/\/iphemere.com\/wp-content\/uploads\/2025\/05\/Tenue-sur-la-peau-300x200.png 300w, https:\/\/iphemere.com\/wp-content\/uploads\/2025\/05\/Tenue-sur-la-peau-768x512.png 768w, https:\/\/iphemere.com\/wp-content\/uploads\/2025\/05\/Tenue-sur-la-peau-600x400.png 600w, https:\/\/iphemere.com\/wp-content\/uploads\/2025\/05\/Tenue-sur-la-peau.png 1536w\" sizes=\"auto, (max-width: 1024px) 100vw, 1024px\" \/><\/figure><\/div>\n\n<div class=\"wp-block-column is-layout-flow wp-block-column-is-layout-flow\" style=\"flex-basis:66.66%\"><h3 class=\"wp-block-heading has-medium-font-size\"><strong>Un tattoo dure en moyenne 7 jours.<\/strong><\/h3>\n\n<p>Nos tatouages \u00e9ph\u00e9m\u00e8res <strong>r\u00e9sistent \u00e0 l&rsquo;eau<\/strong>, aux douches et aux baignades. Mais un soins particulier doit \u00eatre pris quand il est mouill\u00e9.<br>La tenue des tatouages \u00e9ph\u00e9m\u00e8res varie d&rsquo;une personne \u00e0 l&rsquo;autre en fonction de son type de peau, de son pH, etc, et son emplacement :<\/p>\n\n<ul class=\"wp-block-list\"><li><em>jambe ou dessus de l&rsquo;avant bras, <strong>+ 10 jours<\/strong><\/em><\/li>\n\n<li><em>avant bras (int\u00e9rieur) et le sternum, <strong>1 semaine environ<\/strong><\/em><\/li>\n\n<li><em>le cou et le dos restent <strong>al\u00e9atoires<\/strong> en raison de la transpiration et des frottements (1 \u00e0 2 jours).<\/em><\/li><\/ul><\/div><\/div><div class=\"wp-block-columns is-layout-flex wp-container-core-columns-is-layout-9d6595d7 wp-block-columns-is-layout-flex\"><div class=\"wp-block-column is-layout-flow wp-block-column-is-layout-flow\" style=\"flex-basis:33.33%\"><style>.kb-image623_a2ca73-57 .kb-image-has-overlay:after{opacity:0.3;}<\/style>\n<figure class=\"wp-block-kadence-image kb-image623_a2ca73-57 size-large\"><img loading=\"lazy\" decoding=\"async\" width=\"1024\" height=\"683\" src=\"https:\/\/iphemere.com\/wp-content\/uploads\/2025\/05\/41CEBE1D-FF2A-42A9-AB29-B6A7C5D4B3E6-1024x683.png\" alt=\"\" class=\"kb-img wp-image-1872\" srcset=\"https:\/\/iphemere.com\/wp-content\/uploads\/2025\/05\/41CEBE1D-FF2A-42A9-AB29-B6A7C5D4B3E6-1024x683.png 1024w, https:\/\/iphemere.com\/wp-content\/uploads\/2025\/05\/41CEBE1D-FF2A-42A9-AB29-B6A7C5D4B3E6-300x200.png 300w, https:\/\/iphemere.com\/wp-content\/uploads\/2025\/05\/41CEBE1D-FF2A-42A9-AB29-B6A7C5D4B3E6-768x512.png 768w, https:\/\/iphemere.com\/wp-content\/uploads\/2025\/05\/41CEBE1D-FF2A-42A9-AB29-B6A7C5D4B3E6-600x400.png 600w, https:\/\/iphemere.com\/wp-content\/uploads\/2025\/05\/41CEBE1D-FF2A-42A9-AB29-B6A7C5D4B3E6.png 1536w\" sizes=\"auto, (max-width: 1024px) 100vw, 1024px\" \/><\/figure><\/div>\n\n<div class=\"wp-block-column is-layout-flow wp-block-column-is-layout-flow\" style=\"flex-basis:66.66%\"><h3 class=\"wp-block-heading has-medium-font-size\"><strong>Conseils &amp; astuces :<\/strong><\/h3>\n\n<p>\u2022 <strong>\u00c9vitez de frotter le tatouage \u00e9ph\u00e9m\u00e8res quand il est mouill\u00e9<\/strong>, privil\u00e9giez le s\u00e9chage en tapotant dessus d\u00e9licatement avec un linge absorbant.<br>\u2022 <strong>Appliquez quotidiennement une fine couche de talc<\/strong>, qui le prot\u00e9gera des frottements des v\u00eatements et de la transpiration.<br>\u2022 <strong>Evitez l&rsquo;application<\/strong> de cr\u00e8mes ou de corps gras, tels que du monoi, du lait pour le corps ou des cr\u00e8mes solaires, car cela peut endommager le tatouage \u00e9ph\u00e9m\u00e8res et le faire dispara\u00eetre plus rapidement.<\/p>\n\n<p><\/p>\n\n<h3 class=\"wp-block-heading\"><strong>Comment l&rsquo;enlever facilement ?<\/strong><\/h3>\n\n<p>Enlever notre tatouage \u00e9ph\u00e9m\u00e8re est facile et rapide, de l&rsquo;eau et du savon suffisent en frottant bien.<br>C&rsquo;est un v\u00e9ritable avantage pour ceux qui cherchent un tatouage temporaire pour une occasion sp\u00e9ciale.<br><\/p><\/div><\/div><style>.wp-block-kadence-advancedheading.kt-adv-heading623_32163a-c9, .wp-block-kadence-advancedheading.kt-adv-heading623_32163a-c9[data-kb-block=\"kb-adv-heading623_32163a-c9\"]{display:block;text-align:left;font-style:normal;}.wp-block-kadence-advancedheading.kt-adv-heading623_32163a-c9 mark.kt-highlight, .wp-block-kadence-advancedheading.kt-adv-heading623_32163a-c9[data-kb-block=\"kb-adv-heading623_32163a-c9\"] mark.kt-highlight{font-style:normal;color:#f76a0c;-webkit-box-decoration-break:clone;box-decoration-break:clone;padding-top:0px;padding-right:0px;padding-bottom:0px;padding-left:0px;}<\/style>\n<span class=\"kt-adv-heading623_32163a-c9 wp-block-kadence-advancedheading\" data-kb-block=\"kb-adv-heading623_32163a-c9\"><em>Composition encre: <\/em><\/span><ul class=\"wp-block-list\"><li><em>ALCOHOL, SUCROSE ACETATE<\/em><\/li>\n\n<li><em>ISOBUTYRATE, SHELLAC, RICINUS COMMUNIS<\/em><\/li>\n\n<li><em>SEED OIL, ETHYLCELLULOSE<\/em><\/li>\n\n<li><em>+\/- CI 77266, CI 77891, CI 16035, CI 19140, CI 42090.<\/em><\/li><\/ul>","protected":false},"excerpt":{"rendered":"<p>English version Les encres certifi\u00e9es conformes aux normes europ\u00e9ennes de cosm\u00e9tique. Les encres pulv\u00e9ris\u00e9es sont totalement inoffensives pour la peau.Il est important de noter que notre peinture cosm\u00e9tique est d\u00e9pos\u00e9e en surface sur la peau et ne p\u00e9n\u00e8tre pas contrairement au henn\u00e9 ou au jagwa qui peuvent marqu\u00e9 profond\u00e9ment la peau. Un tattoo dure en&#8230;<\/p>\n","protected":false},"author":1,"featured_media":0,"parent":0,"menu_order":0,"comment_status":"closed","ping_status":"closed","template":"","meta":{"_kadence_starter_templates_imported_post":false,"_kad_post_transparent":"","_kad_post_title":"","_kad_post_layout":"","_kad_post_sidebar_id":"","_kad_post_content_style":"","_kad_post_vertical_padding":"default","_kad_post_feature":"","_kad_post_feature_position":"","_kad_post_header":false,"_kad_post_footer":false,"footnotes":""},"class_list":["post-623","page","type-page","status-publish","hentry"],"_links":{"self":[{"href":"https:\/\/iphemere.com\/index.php\/wp-json\/wp\/v2\/pages\/623","targetHints":{"allow":["GET"]}}],"collection":[{"href":"https:\/\/iphemere.com\/index.php\/wp-json\/wp\/v2\/pages"}],"about":[{"href":"https:\/\/iphemere.com\/index.php\/wp-json\/wp\/v2\/types\/page"}],"author":[{"embeddable":true,"href":"https:\/\/iphemere.com\/index.php\/wp-json\/wp\/v2\/users\/1"}],"replies":[{"embeddable":true,"href":"https:\/\/iphemere.com\/index.php\/wp-json\/wp\/v2\/comments?post=623"}],"version-history":[{"count":34,"href":"https:\/\/iphemere.com\/index.php\/wp-json\/wp\/v2\/pages\/623\/revisions"}],"predecessor-version":[{"id":1882,"href":"https:\/\/iphemere.com\/index.php\/wp-json\/wp\/v2\/pages\/623\/revisions\/1882"}],"wp:attachment":[{"href":"https:\/\/iphemere.com\/index.php\/wp-json\/wp\/v2\/media?parent=623"}],"curies":[{"name":"wp","href":"https:\/\/api.w.org\/{rel}","templated":true}]}}